{"id":28,"date":"2025-03-27T22:01:19","date_gmt":"2025-03-27T22:01:19","guid":{"rendered":"https:\/\/www.thegameisonthetable.com.br\/?page_id=28"},"modified":"2025-09-11T11:34:01","modified_gmt":"2025-09-11T11:34:01","slug":"home","status":"publish","type":"page","link":"https:\/\/www.thegameisonthetable.com.br\/","title":{"rendered":"Home"},"content":{"rendered":"\t\t<div data-elementor-type=\"wp-page\" data-elementor-id=\"28\" class=\"elementor elementor-28\" data-elementor-post-type=\"page\">\n\t\t\t\t<div class=\"elementor-element elementor-element-a310388 e-flex e-con-boxed e-con e-parent\" data-id=\"a310388\" data-element_type=\"container\" data-settings=\"{&quot;background_background&quot;:&quot;classic&quot;}\">\n\t\t\t\t\t<div class=\"e-con-inner\">\n\t\t\t\t<div class=\"elementor-element elementor-element-a73eef0 elementor-widget__width-inherit elementor-widget elementor-widget-heading\" data-id=\"a73eef0\" data-element_type=\"widget\" data-widget_type=\"heading.default\">\n\t\t\t\t<div class=\"elementor-widget-container\">\n\t\t\t\t\t<h2 class=\"elementor-heading-title elementor-size-default\">THE GAME IS ON THE TABLE .<\/h2>\t\t\t\t<\/div>\n\t\t\t\t<\/div>\n\t\t\t\t<div class=\"elementor-element elementor-element-1207264 elementor-widget__width-inherit elementor-hidden-mobile elementor-widget elementor-widget-heading\" data-id=\"1207264\" data-element_type=\"widget\" data-widget_type=\"heading.default\">\n\t\t\t\t<div class=\"elementor-widget-container\">\n\t\t\t\t\t<h2 class=\"elementor-heading-title elementor-size-default\">TUDO SOBRE O UNIVERSO DE JOGOS DE TABULEIRO<\/h2>\t\t\t\t<\/div>\n\t\t\t\t<\/div>\n\t\t\t\t\t<\/div>\n\t\t\t\t<\/div>\n\t\t<div class=\"elementor-element elementor-element-17f84cc e-con-full e-flex e-con e-parent\" data-id=\"17f84cc\" data-element_type=\"container\" data-settings=\"{&quot;background_background&quot;:&quot;classic&quot;}\">\n\t\t\t\t<div class=\"elementor-element elementor-element-c09ca1c elementor-widget__width-inherit elementor-widget elementor-widget-jet-blog-smart-tiles\" data-id=\"c09ca1c\" data-element_type=\"widget\" data-widget_type=\"jet-blog-smart-tiles.default\">\n\t\t\t\t<div class=\"elementor-widget-container\">\n\t\t\t\t\t<div class=\"elementor-jet-blog-smart-tiles jet-blog\"><div class=\"jet-smart-tiles-wrap\" data-slider-atts='{\"adaptiveHeight\":true,\"arrows\":false,\"prevArrow\":\"<i class=\\\"jet-arrow-prev jet-blog-arrow\\\"><svg width=\\\"24\\\" height=\\\"24\\\" viewBox=\\\"0 0 24 24\\\" fill=\\\"none\\\" xmlns=\\\"http:\\\/\\\/www.w3.org\\\/2000\\\/svg\\\"><path d=\\\"M14.625 5.3999L16.3 7.0749L11.35 12.0249L16.3 16.9749L14.625 18.6499L7.99999 12.0249L14.625 5.3999Z\\\" fill=\\\"#0F172A\\\"\\\/><\\\/svg><\\\/i>\",\"nextArrow\":\"<i class=\\\"jet-arrow-next jet-blog-arrow\\\"><svg width=\\\"24\\\" height=\\\"24\\\" viewBox=\\\"0 0 24 24\\\" fill=\\\"none\\\" xmlns=\\\"http:\\\/\\\/www.w3.org\\\/2000\\\/svg\\\"><path d=\\\"M9.37501 18.6001L7.70001 16.9251L12.65 11.9751L7.70001 7.0251L9.37501 5.3501L16 11.9751L9.37501 18.6001Z\\\" fill=\\\"#0F172A\\\"\\\/><\\\/svg><\\\/i>\",\"autoplay\":false,\"autoplaySpeed\":5000,\"rtl\":false}' dir=\"ltr\"><div class=\"jet-smart-tiles-slide\"><div class=\"jet-smart-tiles-slide__wrap layout-1-2\" ><div class=\"jet-smart-tiles\">\n\t<div class=\"jet-smart-tiles__box\" style=\"background-image:url('https:\/\/www.thegameisonthetable.com.br\/wp-content\/uploads\/2025\/05\/pic2437871-3-scaled.jpg')\">\n\t\t\t\t<div class=\"jet-smart-tiles__box-content\">\n\t\t\t<div class=\"jet-smart-tiles__box-content-inner\">\n\t\t\t\t\t\t\t\t\t\t\t\t<div class=\"jet-smart-tiles__box-title\">Gloomhaven<\/div>\t\t\t\t\t\t\t\t\t\t\t\t<div class=\"jet-smart-tiles__box-excerpt\">Gloomhaven \u00e9 um jogo de combate t\u00e1tico inspirado em Euros, em um mundo persistente em mudan\u00e7a. Os jogadores assumir\u00e3o o papel...<\/div>\t\t\t\t\t\t\t<\/div>\n\t\t<\/div>\n\t\t<a href=\"https:\/\/www.thegameisonthetable.com.br\/?jogos=gloomhaven\" class=\"jet-smart-tiles__box-link\" aria-label=\"Gloomhaven\"><\/a>\n\t<\/div>\n<\/div><div class=\"jet-smart-tiles\">\n\t<div class=\"jet-smart-tiles__box\" style=\"background-image:url('https:\/\/www.thegameisonthetable.com.br\/wp-content\/uploads\/2025\/05\/pic6293412-4-scaled.jpg')\">\n\t\t\t\t<div class=\"jet-smart-tiles__box-content\">\n\t\t\t<div class=\"jet-smart-tiles__box-content-inner\">\n\t\t\t\t\t\t\t\t\t\t\t\t<div class=\"jet-smart-tiles__box-title\">Ark Nova<\/div>\t\t\t\t\t\t\t\t\t\t\t\t<div class=\"jet-smart-tiles__box-excerpt\">Em Ark Nova, voc\u00ea planejar\u00e1 e projetar\u00e1 um zool\u00f3gico moderno e cientificamente gerenciado. Com o objetivo final de possuir o zool\u00f3gico...<\/div>\t\t\t\t\t\t\t<\/div>\n\t\t<\/div>\n\t\t<a href=\"https:\/\/www.thegameisonthetable.com.br\/?jogos=ark-nova\" class=\"jet-smart-tiles__box-link\" aria-label=\"Ark Nova\"><\/a>\n\t<\/div>\n<\/div><div class=\"jet-smart-tiles\">\n\t<div class=\"jet-smart-tiles__box\" style=\"background-image:url('https:\/\/www.thegameisonthetable.com.br\/wp-content\/uploads\/2025\/05\/pic3490053-17.jpg')\">\n\t\t\t\t<div class=\"jet-smart-tiles__box-content\">\n\t\t\t<div class=\"jet-smart-tiles__box-content-inner\">\n\t\t\t\t\t\t\t\t\t\t\t\t<div class=\"jet-smart-tiles__box-title\">Brass: Birmingham<\/div>\t\t\t\t\t\t\t\t\t\t\t\t<div class=\"jet-smart-tiles__box-excerpt\">Jogo econ\u00f4mico de estrat\u00e9gia e sequ\u00eancia para a obra prima de Martin Wallace, de 2007. O jogo conta a hist\u00f3ria de...<\/div>\t\t\t\t\t\t\t<\/div>\n\t\t<\/div>\n\t\t<a href=\"https:\/\/www.thegameisonthetable.com.br\/?jogos=brass-birmingham\" class=\"jet-smart-tiles__box-link\" aria-label=\"Brass: Birmingham\"><\/a>\n\t<\/div>\n<\/div><\/div><\/div><\/div><\/div>\t\t\t\t<\/div>\n\t\t\t\t<\/div>\n\t\t\t\t<\/div>\n\t\t<div class=\"elementor-element elementor-element-ed29e94 e-flex e-con-boxed e-con e-parent\" data-id=\"ed29e94\" data-element_type=\"container\">\n\t\t\t\t\t<div class=\"e-con-inner\">\n\t\t<div class=\"elementor-element elementor-element-22f8cad e-con-full e-flex e-con e-child\" data-id=\"22f8cad\" data-element_type=\"container\">\n\t\t\t\t<div class=\"elementor-element elementor-element-fd45fa8 elementor-widget elementor-widget-heading\" data-id=\"fd45fa8\" data-element_type=\"widget\" data-widget_type=\"heading.default\">\n\t\t\t\t<div class=\"elementor-widget-container\">\n\t\t\t\t\t<h2 class=\"elementor-heading-title elementor-size-default\">Mais<\/h2>\t\t\t\t<\/div>\n\t\t\t\t<\/div>\n\t\t\t\t<div class=\"elementor-element elementor-element-e271734 elementor-widget elementor-widget-heading\" data-id=\"e271734\" data-element_type=\"widget\" data-widget_type=\"heading.default\">\n\t\t\t\t<div class=\"elementor-widget-container\">\n\t\t\t\t\t<h2 class=\"elementor-heading-title elementor-size-default\">Populares \ud83d\udd25<\/h2>\t\t\t\t<\/div>\n\t\t\t\t<\/div>\n\t\t\t\t<\/div>\n\t\t\t\t<div class=\"elementor-element elementor-element-fef2ea0 elementor-grid-1 elementor-posts--thumbnail-left elementor-grid-tablet-2 elementor-grid-mobile-1 elementor-widget elementor-widget-posts\" data-id=\"fef2ea0\" data-element_type=\"widget\" data-settings=\"{&quot;classic_columns&quot;:&quot;1&quot;,&quot;classic_columns_tablet&quot;:&quot;2&quot;,&quot;classic_columns_mobile&quot;:&quot;1&quot;,&quot;classic_row_gap&quot;:{&quot;unit&quot;:&quot;px&quot;,&quot;size&quot;:35,&quot;sizes&quot;:[]},&quot;classic_row_gap_tablet&quot;:{&quot;unit&quot;:&quot;px&quot;,&quot;size&quot;:&quot;&quot;,&quot;sizes&quot;:[]},&quot;classic_row_gap_mobile&quot;:{&quot;unit&quot;:&quot;px&quot;,&quot;size&quot;:&quot;&quot;,&quot;sizes&quot;:[]}}\" data-widget_type=\"posts.classic\">\n\t\t\t\t<div class=\"elementor-widget-container\">\n\t\t\t\t\t\t\t<div class=\"elementor-posts-container elementor-posts elementor-posts--skin-classic elementor-grid\" role=\"list\">\n\t\t\t\t<article class=\"elementor-post elementor-grid-item post-633 jogos type-jogos status-publish has-post-thumbnail hentry temas-aventura temas-fantasia temas-luta-artes-marciais temas-medieval editoras-albi editoras-albi-polska editoras-arclight-games editoras-cephalofair-games editoras-feuerland-spiele editoras-galapagos-jogos editoras-games-warehouse editoras-gem-klub-kft editoras-hobby-world editoras-korea-boardgames editoras-mybg-co-ltd mecanicas-acao-evento mecanicas-acertos-e-falhas-criticas mecanicas-bonus-de-fim-de-jogo mecanicas-campanha-batalhas-dirigidas-por-cartas mecanicas-cenario-missao-campanha mecanicas-comunicacao-limitada mecanicas-construcao-de-baralho-bolsas-e-pecas mecanicas-cooperativo mecanicas-escolha-narrativa mecanicas-fila-de-acoes mecanicas-gerenciamento-de-maos mecanicas-grade-hexagonal mecanicas-habilidades-1-vez-por-partida mecanicas-jogadores-com-diferentes-habilidades mecanicas-jogo-em-equipe mecanicas-legado mecanicas-linha-de-visao mecanicas-mapa-modificacao mecanicas-marcadores-de-ordens mecanicas-movimento-em-grades mecanicas-narracao-de-historias mecanicas-recuperacao-de-acao mecanicas-resolucao-de-conflitos-por-cartas mecanicas-rpg mecanicas-selecao-de-acao-simultanea mecanicas-solo-solitario mecanicas-tabuleiro-modular familias-category-dungeon-crawler familias-components-map-city-scale familias-components-miniatures familias-components-multi-use-cards familias-components-standees familias-creatures-demons familias-creatures-dragons familias-creatures-monsters familias-crowdfunding-kickstarter familias-digital-implementations-steam familias-digital-implementations-tabletop-simulator-mod-tts familias-game-gloomhaven familias-mechanism-campaign-games familias-mechanism-legacy familias-misc-forteller-audio-narration familias-misc-made-by-panda familias-players-games-with-solitaire-rules designers-isaac-childres categorias-dungeon-crawler categorias-miniaturas artistas-alexandr-elichev artistas-alvaro-nebot artistas-josh-t-mcdowell\" role=\"listitem\">\n\t\t\t\t<a class=\"elementor-post__thumbnail__link\" href=\"https:\/\/www.thegameisonthetable.com.br\/?jogos=gloomhaven\" tabindex=\"-1\" >\n\t\t\t<div class=\"elementor-post__thumbnail\"><img fetchpriority=\"high\" decoding=\"async\" width=\"300\" height=\"214\" src=\"https:\/\/www.thegameisonthetable.com.br\/wp-content\/uploads\/2025\/05\/pic2437871-3-300x214.jpg\" class=\"attachment-medium size-medium wp-image-634\" alt=\"imagem do jogo Gloomhaven\" srcset=\"https:\/\/www.thegameisonthetable.com.br\/wp-content\/uploads\/2025\/05\/pic2437871-3-300x214.jpg 300w, https:\/\/www.thegameisonthetable.com.br\/wp-content\/uploads\/2025\/05\/pic2437871-3-1024x731.jpg 1024w, https:\/\/www.thegameisonthetable.com.br\/wp-content\/uploads\/2025\/05\/pic2437871-3-768x549.jpg 768w, https:\/\/www.thegameisonthetable.com.br\/wp-content\/uploads\/2025\/05\/pic2437871-3-1536x1097.jpg 1536w, https:\/\/www.thegameisonthetable.com.br\/wp-content\/uploads\/2025\/05\/pic2437871-3-2048x1463.jpg 2048w\" sizes=\"(max-width: 300px) 100vw, 300px\" \/><\/div>\n\t\t<\/a>\n\t\t\t\t<div class=\"elementor-post__text\">\n\t\t\t\t<h3 class=\"elementor-post__title\">\n\t\t\t<a href=\"https:\/\/www.thegameisonthetable.com.br\/?jogos=gloomhaven\" >\n\t\t\t\tGloomhaven\t\t\t<\/a>\n\t\t<\/h3>\n\t\t\t\t<div class=\"elementor-post__meta-data\">\n\t\t\t\t\t<span class=\"elementor-post-date\">\n\t\t\t21\/05\/2025\t\t<\/span>\n\t\t\t\t<\/div>\n\t\t\t\t<div class=\"elementor-post__excerpt\">\n\t\t\t<p>Gloomhaven \u00e9 um jogo de combate t\u00e1tico inspirado em Euros, em um mundo persistente em mudan\u00e7a. Os jogadores assumir\u00e3o o papel de um aventureiro errante com seu pr\u00f3prio conjunto especial de habilidades e suas pr\u00f3prias raz\u00f5es para viajar para este escuro canto do mundo. Os jogadores t\u00eam de trabalhar em conjunto em caso de necessidade para limpar dungeons amea\u00e7adoras e ru\u00ednas esquecidas. No processo,<\/p>\n\t\t<\/div>\n\t\t\t\t<\/div>\n\t\t\t\t<\/article>\n\t\t\t\t<article class=\"elementor-post elementor-grid-item post-627 jogos type-jogos status-publish has-post-thumbnail hentry temas-animais temas-ciencias temas-economia-producao editoras-capstone-games editoras-cmon-global-limited editoras-cranio-creations editoras-feuerland-spiele editoras-game-harbor editoras-gem-klub-kft editoras-grok-games editoras-igames editoras-korea-boardgames editoras-lautapelit-fi editoras-ludofy-creative editoras-maldito-games editoras-mindok editoras-mipl editoras-portal-games editoras-regatul-jocurilor editoras-super-meeple editoras-tower-tactic-games editoras-white-goblin-games editoras--tendaysgames mecanicas-colocacao-de-pecas mecanicas-gerenciamento-de-maos mecanicas-jogadores-com-diferentes-habilidades mecanicas-marcas familias-components-hexagonal-tiles familias-digital-implementations-board-game-arena familias-digital-implementations-steam familias-digital-implementations-tabletop-simulator-mod-tts familias-game-ark-nova familias-mechanism-tableau-building familias-players-games-with-solitaire-rules familias-theme-ecology familias-theme-science familias-theme-zoos-aquaria-safari-parks designers-mathias-wigge artistas-christof-tisch artistas-dennis-lohausen artistas-loic-billiau artistas-steffen-bieker\" role=\"listitem\">\n\t\t\t\t<a class=\"elementor-post__thumbnail__link\" href=\"https:\/\/www.thegameisonthetable.com.br\/?jogos=ark-nova\" tabindex=\"-1\" >\n\t\t\t<div class=\"elementor-post__thumbnail\"><img decoding=\"async\" width=\"246\" height=\"300\" src=\"https:\/\/www.thegameisonthetable.com.br\/wp-content\/uploads\/2025\/05\/pic6293412-4-246x300.jpg\" class=\"attachment-medium size-medium wp-image-628\" alt=\"imagem do jogo Ark Nova\" srcset=\"https:\/\/www.thegameisonthetable.com.br\/wp-content\/uploads\/2025\/05\/pic6293412-4-246x300.jpg 246w, https:\/\/www.thegameisonthetable.com.br\/wp-content\/uploads\/2025\/05\/pic6293412-4-841x1024.jpg 841w, https:\/\/www.thegameisonthetable.com.br\/wp-content\/uploads\/2025\/05\/pic6293412-4-768x936.jpg 768w, https:\/\/www.thegameisonthetable.com.br\/wp-content\/uploads\/2025\/05\/pic6293412-4-1261x1536.jpg 1261w, https:\/\/www.thegameisonthetable.com.br\/wp-content\/uploads\/2025\/05\/pic6293412-4-1681x2048.jpg 1681w\" sizes=\"(max-width: 246px) 100vw, 246px\" \/><\/div>\n\t\t<\/a>\n\t\t\t\t<div class=\"elementor-post__text\">\n\t\t\t\t<h3 class=\"elementor-post__title\">\n\t\t\t<a href=\"https:\/\/www.thegameisonthetable.com.br\/?jogos=ark-nova\" >\n\t\t\t\tArk Nova\t\t\t<\/a>\n\t\t<\/h3>\n\t\t\t\t<div class=\"elementor-post__meta-data\">\n\t\t\t\t\t<span class=\"elementor-post-date\">\n\t\t\t21\/05\/2025\t\t<\/span>\n\t\t\t\t<\/div>\n\t\t\t\t<div class=\"elementor-post__excerpt\">\n\t\t\t<p>Em Ark Nova, voc\u00ea planejar\u00e1 e projetar\u00e1 um zool\u00f3gico moderno e cientificamente gerenciado. Com o objetivo final de possuir o zool\u00f3gico de maior sucesso, voc\u00ea construir\u00e1 recintos, acomodar\u00e1 animais e apoiar\u00e1 projetos de conserva\u00e7\u00e3o em todo o mundo. Especialistas e edif\u00edcios exclusivos ir\u00e3o ajud\u00e1-lo a atingir esse objetivo. Cada jogador tem um conjunto de cinco cartas de a\u00e7\u00e3o para gerenciar seu jogo e o<\/p>\n\t\t<\/div>\n\t\t\t\t<\/div>\n\t\t\t\t<\/article>\n\t\t\t\t<article class=\"elementor-post elementor-grid-item post-618 jogos type-jogos status-publish has-post-thumbnail hentry temas-economia-producao temas-transportes editoras-arclight-games editoras-board-game-rookie editoras-boardm-factory editoras-cmon-global-limited editoras-conclave-editora editoras-crowd-games editoras-dexker-games editoras-funforge editoras-gem-klub-kft editoras-ghenos-games editoras-giant-roc editoras-lanlalen editoras-lord-of-boards editoras-maldito-games editoras-phalanx editoras-rebel-sp-z-o-o editoras-roxley editoras-tlama-games editoras-white-goblin-games editoras--hepa-studio mecanicas-arvores-trilhas-de-tecnologia mecanicas-construcao-de-redes-e-rotas mecanicas-emprestimos mecanicas-gerenciamento-de-maos mecanicas-mercado mecanicas-ordem-de-turno-baseado-em-estatisticas mecanicas-rendimentos familias-cities-birmingham-england familias-components-map-regional-scale familias-components-multi-use-cards familias-country-england familias-crowdfunding-kickstarter familias-crowdfunding-spieleschmiede familias-digital-implementations-steam familias-digital-implementations-tabletopia familias-digital-implementations-vassal familias-food-drink-beer familias-game-brass familias-history-industrial-revolution familias-misc-longpack-games familias-misc-watch-it-played-how-to-videos familias-occupation-engineer familias-organizations-the-game-artisans-of-canada familias-theme-canals designers-gavan-brown designers-martin-wallace designers-matt-tolman artistas-damien-mammoliti artistas-david-forest artistas-gavan-brown artistas-gui-landgraf artistas-lina-cossette artistas-matt-tolman\" role=\"listitem\">\n\t\t\t\t<a class=\"elementor-post__thumbnail__link\" href=\"https:\/\/www.thegameisonthetable.com.br\/?jogos=brass-birmingham\" tabindex=\"-1\" >\n\t\t\t<div class=\"elementor-post__thumbnail\"><img decoding=\"async\" width=\"300\" height=\"300\" src=\"https:\/\/www.thegameisonthetable.com.br\/wp-content\/uploads\/2025\/05\/pic3490053-17-300x300.jpg\" class=\"attachment-medium size-medium wp-image-619\" alt=\"imagem do jogo Brass: Birmingham\" srcset=\"https:\/\/www.thegameisonthetable.com.br\/wp-content\/uploads\/2025\/05\/pic3490053-17-300x300.jpg 300w, https:\/\/www.thegameisonthetable.com.br\/wp-content\/uploads\/2025\/05\/pic3490053-17-1024x1024.jpg 1024w, https:\/\/www.thegameisonthetable.com.br\/wp-content\/uploads\/2025\/05\/pic3490053-17-150x150.jpg 150w, https:\/\/www.thegameisonthetable.com.br\/wp-content\/uploads\/2025\/05\/pic3490053-17-768x769.jpg 768w, https:\/\/www.thegameisonthetable.com.br\/wp-content\/uploads\/2025\/05\/pic3490053-17.jpg 1200w\" sizes=\"(max-width: 300px) 100vw, 300px\" \/><\/div>\n\t\t<\/a>\n\t\t\t\t<div class=\"elementor-post__text\">\n\t\t\t\t<h3 class=\"elementor-post__title\">\n\t\t\t<a href=\"https:\/\/www.thegameisonthetable.com.br\/?jogos=brass-birmingham\" >\n\t\t\t\tBrass: Birmingham\t\t\t<\/a>\n\t\t<\/h3>\n\t\t\t\t<div class=\"elementor-post__meta-data\">\n\t\t\t\t\t<span class=\"elementor-post-date\">\n\t\t\t21\/05\/2025\t\t<\/span>\n\t\t\t\t<\/div>\n\t\t\t\t<div class=\"elementor-post__excerpt\">\n\t\t\t<p>Jogo econ\u00f4mico de estrat\u00e9gia e sequ\u00eancia para a obra prima de Martin Wallace, de 2007. O jogo conta a hist\u00f3ria de empreendedores concorrentes em Birmingham durante a revolu\u00e7\u00e3o industrial, entre os anos de 1770-1870. Como em seu predecessor, voc\u00ea deve desenvolver, construir e estabelecer suas ind\u00fastrias e redes ferrovi\u00e1rias, explorando as demandas de mercado e suas oscila\u00e7\u00f5es. Al\u00e9m das cinco a\u00e7\u00f5es b\u00e1sicas do jogo<\/p>\n\t\t<\/div>\n\t\t\t\t<\/div>\n\t\t\t\t<\/article>\n\t\t\t\t<\/div>\n\t\t\n\t\t\t\t\t\t<\/div>\n\t\t\t\t<\/div>\n\t\t\t\t\t<\/div>\n\t\t\t\t<\/div>\n\t\t\t\t<\/div>\n\t\t","protected":false},"excerpt":{"rendered":"<p>THE GAME IS ON THE TABLE . TUDO SOBRE O UNIVERSO DE JOGOS DE TABULEIRO &#8220;,&#8221;nextArrow&#8221;:&#8221;&#8220;,&#8221;autoplay&#8221;:false,&#8221;autoplaySpeed&#8221;:5000,&#8221;rtl&#8221;:false}&#8217; dir=&#8221;ltr&#8221;> Gloomhaven Gloomhaven \u00e9 um jogo de combate t\u00e1tico inspirado em Euros, em um mundo persistente em mudan\u00e7a. Os jogadores assumir\u00e3o o papel&#8230; Ark Nova Em Ark Nova, voc\u00ea planejar\u00e1 e projetar\u00e1 um zool\u00f3gico moderno e cientificamente gerenciado. Com [&hellip;]<\/p>\n","protected":false},"author":1,"featured_media":0,"parent":0,"menu_order":0,"comment_status":"closed","ping_status":"closed","template":"","meta":{"footnotes":""},"class_list":["post-28","page","type-page","status-publish","hentry"],"_links":{"self":[{"href":"https:\/\/www.thegameisonthetable.com.br\/index.php?rest_route=\/wp\/v2\/pages\/28","targetHints":{"allow":["GET"]}}],"collection":[{"href":"https:\/\/www.thegameisonthetable.com.br\/index.php?rest_route=\/wp\/v2\/pages"}],"about":[{"href":"https:\/\/www.thegameisonthetable.com.br\/index.php?rest_route=\/wp\/v2\/types\/page"}],"author":[{"embeddable":true,"href":"https:\/\/www.thegameisonthetable.com.br\/index.php?rest_route=\/wp\/v2\/users\/1"}],"replies":[{"embeddable":true,"href":"https:\/\/www.thegameisonthetable.com.br\/index.php?rest_route=%2Fwp%2Fv2%2Fcomments&post=28"}],"version-history":[{"count":5,"href":"https:\/\/www.thegameisonthetable.com.br\/index.php?rest_route=\/wp\/v2\/pages\/28\/revisions"}],"predecessor-version":[{"id":1101,"href":"https:\/\/www.thegameisonthetable.com.br\/index.php?rest_route=\/wp\/v2\/pages\/28\/revisions\/1101"}],"wp:attachment":[{"href":"https:\/\/www.thegameisonthetable.com.br\/index.php?rest_route=%2Fwp%2Fv2%2Fmedia&parent=28"}],"curies":[{"name":"wp","href":"https:\/\/api.w.org\/{rel}","templated":true}]}}